{"id":8349,"date":"2023-04-24T13:29:31","date_gmt":"2023-04-24T11:29:31","guid":{"rendered":"https:\/\/www.kanzlei-koenigstrasse.de\/law-firm-management\/pietro-calo"},"modified":"2023-04-24T14:12:16","modified_gmt":"2023-04-24T12:12:16","slug":"pietro-calo","status":"publish","type":"page","link":"https:\/\/www.kanzlei-koenigstrasse.de\/en\/psychology\/pietro-calo","title":{"rendered":"Pietro Cal\u00f2"},"content":{"rendered":"\n<p><a href=\"http:\/\/www.pietrocalo.de\/\">Pietro Cal\u00f2<\/a> &#8211; educator and psychologist by training &#8211; has been working as an integral HUMAN BUSINESS COACH and MEDIATOR, consultant and trainer in business and personal development for over 30 years, with a focus on living and working independently. Multiperspectivity, lifelong learning and NEW WORK play a crucial role in this. As a certified 9-Levels-Consultant, he uses the integral model as a basis for his work in personal and business coaching as well as in organisational development, among other things.<\/p>\n\n\n\n<p>In addition to the above-mentioned competences, Pietro Cal\u00f2&#8217;s focus in our office is on solution-oriented and conflict-free mediation between clients and all other parties involved.<\/p>\n","protected":false},"excerpt":{"rendered":"<p>Pietro Cal\u00f2 &#8211; educator and psychologist by training &#8211; has been working as an integral HUMAN BUSINESS COACH and MEDIATOR, consultant and trainer in business and personal development for over 30 years, with a focus on living and working independently. Multiperspectivity, lifelong learning and NEW WORK play a crucial role in this. As a certified [&hellip;]<\/p>\n","protected":false},"author":1,"featured_media":8929,"parent":7485,"menu_order":0,"comment_status":"closed","ping_status":"closed","template":"","meta":{"_acf_changed":false,"footnotes":""},"class_list":["post-8349","page","type-page","status-publish","has-post-thumbnail","hentry"],"acf":[],"yoast_head":"<!-- This site is optimized with the Yoast SEO plugin v27.3 - https:\/\/yoast.com\/product\/yoast-seo-wordpress\/ -->\n<title>Pietro Cal\u00f2 - Kanzlei K\u00f6nigstra\u00dfe<\/title>\n<meta name=\"description\" content=\"Pietro Cal\u00f2 - educator and psychologist by training - has been working as an integral HUMAN BUSINESS COACH and MEDIATOR, consultant and trainer in\" \/>\n<meta name=\"robots\" content=\"index, follow, max-snippet:-1, max-image-preview:large, max-video-preview:-1\" \/>\n<link rel=\"canonical\" href=\"https:\/\/www.kanzlei-koenigstrasse.de\/en\/psychology\/pietro-calo\" \/>\n<meta property=\"og:locale\" content=\"en_US\" \/>\n<meta property=\"og:type\" content=\"article\" \/>\n<meta property=\"og:title\" content=\"Pietro Cal\u00f2 - Kanzlei K\u00f6nigstra\u00dfe\" \/>\n<meta property=\"og:description\" content=\"Pietro Cal\u00f2 - educator and psychologist by training - has been working as an integral HUMAN BUSINESS COACH and MEDIATOR, consultant and trainer in\" \/>\n<meta property=\"og:url\" content=\"https:\/\/www.kanzlei-koenigstrasse.de\/en\/psychology\/pietro-calo\" \/>\n<meta property=\"og:site_name\" content=\"Kanzlei K\u00f6nigstra\u00dfe\" \/>\n<meta property=\"article:publisher\" content=\"https:\/\/www.facebook.com\/Kanzlei.Koenigstrasse\" \/>\n<meta property=\"article:modified_time\" content=\"2023-04-24T12:12:16+00:00\" \/>\n<meta property=\"og:image\" content=\"https:\/\/www.kanzlei-koenigstrasse.de\/wp-content\/uploads\/2023\/04\/pietro-header2.webp\" \/>\n\t<meta property=\"og:image:width\" content=\"2200\" \/>\n\t<meta property=\"og:image:height\" content=\"742\" \/>\n\t<meta property=\"og:image:type\" content=\"image\/webp\" \/>\n<meta name=\"twitter:card\" content=\"summary_large_image\" \/>\n<meta name=\"twitter:label1\" content=\"Est. reading time\" \/>\n\t<meta name=\"twitter:data1\" content=\"1 minute\" \/>\n<!-- \/ Yoast SEO plugin. -->","yoast_head_json":{"title":"Pietro Cal\u00f2 - Kanzlei K\u00f6nigstra\u00dfe","description":"Pietro Cal\u00f2 - educator and psychologist by training - has been working as an integral HUMAN BUSINESS COACH and MEDIATOR, consultant and trainer in","robots":{"index":"index","follow":"follow","max-snippet":"max-snippet:-1","max-image-preview":"max-image-preview:large","max-video-preview":"max-video-preview:-1"},"canonical":"https:\/\/www.kanzlei-koenigstrasse.de\/en\/psychology\/pietro-calo","og_locale":"en_US","og_type":"article","og_title":"Pietro Cal\u00f2 - Kanzlei K\u00f6nigstra\u00dfe","og_description":"Pietro Cal\u00f2 - educator and psychologist by training - has been working as an integral HUMAN BUSINESS COACH and MEDIATOR, consultant and trainer in","og_url":"https:\/\/www.kanzlei-koenigstrasse.de\/en\/psychology\/pietro-calo","og_site_name":"Kanzlei K\u00f6nigstra\u00dfe","article_publisher":"https:\/\/www.facebook.com\/Kanzlei.Koenigstrasse","article_modified_time":"2023-04-24T12:12:16+00:00","og_image":[{"width":2200,"height":742,"url":"https:\/\/www.kanzlei-koenigstrasse.de\/wp-content\/uploads\/2023\/04\/pietro-header2.webp","type":"image\/webp"}],"twitter_card":"summary_large_image","twitter_misc":{"Est. reading time":"1 minute"},"schema":{"@context":"https:\/\/schema.org","@graph":[{"@type":"WebPage","@id":"https:\/\/www.kanzlei-koenigstrasse.de\/en\/psychology\/pietro-calo","url":"https:\/\/www.kanzlei-koenigstrasse.de\/en\/psychology\/pietro-calo","name":"Pietro Cal\u00f2 - Kanzlei K\u00f6nigstra\u00dfe","isPartOf":{"@id":"https:\/\/www.kanzlei-koenigstrasse.de\/en#website"},"primaryImageOfPage":{"@id":"https:\/\/www.kanzlei-koenigstrasse.de\/en\/psychology\/pietro-calo#primaryimage"},"image":{"@id":"https:\/\/www.kanzlei-koenigstrasse.de\/en\/psychology\/pietro-calo#primaryimage"},"thumbnailUrl":"https:\/\/www.kanzlei-koenigstrasse.de\/wp-content\/uploads\/2025\/10\/2023_06_09_Kanzlei_Koenigstrasse_4846_web_full.jpg","datePublished":"2023-04-24T11:29:31+00:00","dateModified":"2023-04-24T12:12:16+00:00","description":"Pietro Cal\u00f2 - educator and psychologist by training - has been working as an integral HUMAN BUSINESS COACH and MEDIATOR, consultant and trainer in","breadcrumb":{"@id":"https:\/\/www.kanzlei-koenigstrasse.de\/en\/psychology\/pietro-calo#breadcrumb"},"inLanguage":"en-US","potentialAction":[{"@type":"ReadAction","target":["https:\/\/www.kanzlei-koenigstrasse.de\/en\/psychology\/pietro-calo"]}]},{"@type":"ImageObject","inLanguage":"en-US","@id":"https:\/\/www.kanzlei-koenigstrasse.de\/en\/psychology\/pietro-calo#primaryimage","url":"https:\/\/www.kanzlei-koenigstrasse.de\/wp-content\/uploads\/2025\/10\/2023_06_09_Kanzlei_Koenigstrasse_4846_web_full.jpg","contentUrl":"https:\/\/www.kanzlei-koenigstrasse.de\/wp-content\/uploads\/2025\/10\/2023_06_09_Kanzlei_Koenigstrasse_4846_web_full.jpg","width":1919,"height":1280},{"@type":"BreadcrumbList","@id":"https:\/\/www.kanzlei-koenigstrasse.de\/en\/psychology\/pietro-calo#breadcrumb","itemListElement":[{"@type":"ListItem","position":1,"name":"Home","item":"https:\/\/www.kanzlei-koenigstrasse.de\/en"},{"@type":"ListItem","position":2,"name":"Psychology","item":"https:\/\/www.kanzlei-koenigstrasse.de\/en\/psychology"},{"@type":"ListItem","position":3,"name":"Pietro Cal\u00f2"}]},{"@type":"WebSite","@id":"https:\/\/www.kanzlei-koenigstrasse.de\/en#website","url":"https:\/\/www.kanzlei-koenigstrasse.de\/en","name":"Kanzlei K\u00f6nigstra\u00dfe","description":"","publisher":{"@id":"https:\/\/www.kanzlei-koenigstrasse.de\/en#organization"},"potentialAction":[{"@type":"SearchAction","target":{"@type":"EntryPoint","urlTemplate":"https:\/\/www.kanzlei-koenigstrasse.de\/en?s={search_term_string}"},"query-input":{"@type":"PropertyValueSpecification","valueRequired":true,"valueName":"search_term_string"}}],"inLanguage":"en-US"},{"@type":"Organization","@id":"https:\/\/www.kanzlei-koenigstrasse.de\/en#organization","name":"Kanzlei K\u00f6nigstrasse","url":"https:\/\/www.kanzlei-koenigstrasse.de\/en","logo":{"@type":"ImageObject","inLanguage":"en-US","@id":"https:\/\/www.kanzlei-koenigstrasse.de\/en#\/schema\/logo\/image\/","url":"https:\/\/www.kanzlei-koenigstrasse.de\/wp-content\/uploads\/2021\/12\/quadrat.png","contentUrl":"https:\/\/www.kanzlei-koenigstrasse.de\/wp-content\/uploads\/2021\/12\/quadrat.png","width":1000,"height":1000,"caption":"Kanzlei K\u00f6nigstrasse"},"image":{"@id":"https:\/\/www.kanzlei-koenigstrasse.de\/en#\/schema\/logo\/image\/"},"sameAs":["https:\/\/www.facebook.com\/Kanzlei.Koenigstrasse","https:\/\/www.youtube.com\/channel\/UCFJ8k4EssTDhAj1rwSg5HQg\/videos","https:\/\/www.instagram.com\/kanzleikoenigstrasse"]}]}},"_links":{"self":[{"href":"https:\/\/www.kanzlei-koenigstrasse.de\/en\/wp-json\/wp\/v2\/pages\/8349","targetHints":{"allow":["GET"]}}],"collection":[{"href":"https:\/\/www.kanzlei-koenigstrasse.de\/en\/wp-json\/wp\/v2\/pages"}],"about":[{"href":"https:\/\/www.kanzlei-koenigstrasse.de\/en\/wp-json\/wp\/v2\/types\/page"}],"author":[{"embeddable":true,"href":"https:\/\/www.kanzlei-koenigstrasse.de\/en\/wp-json\/wp\/v2\/users\/1"}],"replies":[{"embeddable":true,"href":"https:\/\/www.kanzlei-koenigstrasse.de\/en\/wp-json\/wp\/v2\/comments?post=8349"}],"version-history":[{"count":1,"href":"https:\/\/www.kanzlei-koenigstrasse.de\/en\/wp-json\/wp\/v2\/pages\/8349\/revisions"}],"predecessor-version":[{"id":8350,"href":"https:\/\/www.kanzlei-koenigstrasse.de\/en\/wp-json\/wp\/v2\/pages\/8349\/revisions\/8350"}],"up":[{"embeddable":true,"href":"https:\/\/www.kanzlei-koenigstrasse.de\/en\/wp-json\/wp\/v2\/pages\/7485"}],"wp:featuredmedia":[{"embeddable":true,"href":"https:\/\/www.kanzlei-koenigstrasse.de\/en\/wp-json\/wp\/v2\/media\/8929"}],"wp:attachment":[{"href":"https:\/\/www.kanzlei-koenigstrasse.de\/en\/wp-json\/wp\/v2\/media?parent=8349"}],"curies":[{"name":"wp","href":"https:\/\/api.w.org\/{rel}","templated":true}]}}