{"id":8059,"date":"2012-02-11T11:36:06","date_gmt":"2012-02-11T10:36:06","guid":{"rendered":"https:\/\/www.kanzlei-koenigstrasse.de\/impressum"},"modified":"2023-07-31T11:10:28","modified_gmt":"2023-07-31T09:10:28","slug":"legal-notice","status":"publish","type":"page","link":"https:\/\/www.kanzlei-koenigstrasse.de\/en\/legal-notice","title":{"rendered":"Legal notice"},"content":{"rendered":"\n<p>Supplier of this website in accordance with \u00a7 6 TDG<\/p>\n\n\n\n<p>Kanzlei K\u00f6nigstra\u00dfe \u2013 Law Firm<br>K\u00f6ster &amp; Associates<br>Lawyers Specialized lawyers Tax advisers<br>Shared Offices<br>K\u00f6nigstra\u00dfe 64<br>70173 Stuttgart<br>Germany<\/p>\n\n\n\n<p>Owner: Steffen K\u00f6ster \u2013 lawyer<\/p>\n\n\n\n<p>T: +49 (0) 711\/ 24 83 83-0<br>F: +49 (0) 711\/ 24 83 83-19<br>E: <a href=\"mailto:info@kanzlei-koenigstrasse.de\">info@kanzlei-koenigstrasse.de<\/a><\/p>\n\n\n\n<p>Sales tax identification number: DE 245 845 002<\/p>\n\n\n\n<p>All lawyers of Kanzlei K\u00f6nigstrasse are licensed as \u201clawyer\u201d in the Federal Republic of Germany and are members of the Association of Lawyers of Stuttgart.<\/p>\n\n\n\n<p>The subsequently enlisted special regulations of profession for lawyers can be accessed on the websites of the Bundesrechtsanwaltskammer (Chamber of German Lawyers ) (www.brak.de):<\/p>\n\n\n\n<p>BRAO Bundesrechtsanwaltsordnung (regulations for German lawyers)<br>BORA Berufsordnung f\u00fcr Rechtsanw\u00e4lte (regulations of profession for lawyers)<br>FAO Fachanwaltsordnung (regulations for specialist solicitors)<br>RVG Gesetz \u00fcber die Verg\u00fctung der Rechstanw\u00e4ltinnen und Rechtsanw\u00e4lte (law for the payment of lawyers)<br>CCBE Berufsregeln der Rechtsanw\u00e4lte der Europ\u00e4ischen Gemeinschaft (regulations of profession for lawyers of the European Union)<br>EuRAG Gesetz \u00fcber die T\u00e4tgikeit europ\u00e4ischer Rechtsanw\u00e4lte in Deutschland (law for the practice of European lawyers in Germany)<\/p>\n\n\n\n<p>Supervisory authority in charge: Rechtsanwaltskammer Stuttgart (association of lawyers of Stuttgart), Werastra\u00dfe 23, 70182 Stuttgart (+49(0)711 \u2013 246466)<\/p>\n\n\n\n<p><strong>Person in charge of the contents in accordance with \u00a7 10 section 3 MDStV:<\/strong><br>Steffen K\u00f6ster<br>Lawyer<br>K\u00f6nigstrasse 64<br>70173 Stuttgart<\/p>\n\n\n\n<p><strong>IMPORTANT INFORMATION:<\/strong><br>The texts on this website serve the purpose of supplying general information. They do not constitute legal advice and cannot replace it. Reading, downloading or using these sites for any other purposes does not result in a client-lawyer relationship. In particular, this also applies to writing an email. In the eventuality of urgent matters, please contact our office via telephone or come in person. Electronic mails are insufficient means for meeting a deadline.<\/p>\n\n\n\n<p><strong>DISCLAIMER:<\/strong><br>The operator of this website does not assume liability for websites of third parties and their contents, even if they are linked to this website. The persons in charge of websites of third parties are exclusively the operators of the same websites.<\/p>\n","protected":false},"excerpt":{"rendered":"<p>Supplier of this website in accordance with \u00a7 6 TDG Kanzlei K\u00f6nigstra\u00dfe \u2013 Law FirmK\u00f6ster &amp; AssociatesLawyers Specialized lawyers Tax advisersShared OfficesK\u00f6nigstra\u00dfe 6470173 StuttgartGermany Owner: Steffen K\u00f6ster \u2013 lawyer T: +49 (0) 711\/ 24 83 83-0F: +49 (0) 711\/ 24 83 83-19E: info@kanzlei-koenigstrasse.de Sales tax identification number: DE 245 845 002 All lawyers of Kanzlei [&hellip;]<\/p>\n","protected":false},"author":1,"featured_media":0,"parent":0,"menu_order":0,"comment_status":"closed","ping_status":"open","template":"tmpl-nosidebarnohero.php","meta":{"_acf_changed":false,"footnotes":""},"class_list":["post-8059","page","type-page","status-publish","hentry"],"acf":[],"yoast_head":"<!-- This site is optimized with the Yoast SEO plugin v27.3 - https:\/\/yoast.com\/product\/yoast-seo-wordpress\/ -->\n<title>Legal notice - Kanzlei K\u00f6nigstra\u00dfe<\/title>\n<meta name=\"description\" content=\"Supplier of this website in accordance with \u00a7 6 TDG Kanzlei K\u00f6nigstra\u00dfe \u2013 Law FirmK\u00f6ster &amp; AssociatesLawyers Specialized lawyers Tax advisersShared\" \/>\n<meta name=\"robots\" content=\"index, follow, max-snippet:-1, max-image-preview:large, max-video-preview:-1\" \/>\n<link rel=\"canonical\" href=\"https:\/\/www.kanzlei-koenigstrasse.de\/en\/legal-notice\" \/>\n<meta property=\"og:locale\" content=\"en_US\" \/>\n<meta property=\"og:type\" content=\"article\" \/>\n<meta property=\"og:title\" content=\"Legal notice - Kanzlei K\u00f6nigstra\u00dfe\" \/>\n<meta property=\"og:description\" content=\"Supplier of this website in accordance with \u00a7 6 TDG Kanzlei K\u00f6nigstra\u00dfe \u2013 Law FirmK\u00f6ster &amp; AssociatesLawyers Specialized lawyers Tax advisersShared\" \/>\n<meta property=\"og:url\" content=\"https:\/\/www.kanzlei-koenigstrasse.de\/en\/legal-notice\" \/>\n<meta property=\"og:site_name\" content=\"Kanzlei K\u00f6nigstra\u00dfe\" \/>\n<meta property=\"article:publisher\" content=\"https:\/\/www.facebook.com\/Kanzlei.Koenigstrasse\" \/>\n<meta property=\"article:modified_time\" content=\"2023-07-31T09:10:28+00:00\" \/>\n<meta property=\"og:image\" content=\"https:\/\/www.kanzlei-koenigstrasse.de\/wp-content\/uploads\/2025\/09\/2024_10_11_Kanzlei_Koenigstr_5597_web_full.jpg\" \/>\n\t<meta property=\"og:image:width\" content=\"1919\" \/>\n\t<meta property=\"og:image:height\" content=\"1280\" \/>\n\t<meta property=\"og:image:type\" content=\"image\/jpeg\" \/>\n<meta name=\"twitter:card\" content=\"summary_large_image\" \/>\n<meta name=\"twitter:label1\" content=\"Est. reading time\" \/>\n\t<meta name=\"twitter:data1\" content=\"2 minutes\" \/>\n<!-- \/ Yoast SEO plugin. -->","yoast_head_json":{"title":"Legal notice - Kanzlei K\u00f6nigstra\u00dfe","description":"Supplier of this website in accordance with \u00a7 6 TDG Kanzlei K\u00f6nigstra\u00dfe \u2013 Law FirmK\u00f6ster &amp; AssociatesLawyers Specialized lawyers Tax advisersShared","robots":{"index":"index","follow":"follow","max-snippet":"max-snippet:-1","max-image-preview":"max-image-preview:large","max-video-preview":"max-video-preview:-1"},"canonical":"https:\/\/www.kanzlei-koenigstrasse.de\/en\/legal-notice","og_locale":"en_US","og_type":"article","og_title":"Legal notice - Kanzlei K\u00f6nigstra\u00dfe","og_description":"Supplier of this website in accordance with \u00a7 6 TDG Kanzlei K\u00f6nigstra\u00dfe \u2013 Law FirmK\u00f6ster &amp; AssociatesLawyers Specialized lawyers Tax advisersShared","og_url":"https:\/\/www.kanzlei-koenigstrasse.de\/en\/legal-notice","og_site_name":"Kanzlei K\u00f6nigstra\u00dfe","article_publisher":"https:\/\/www.facebook.com\/Kanzlei.Koenigstrasse","article_modified_time":"2023-07-31T09:10:28+00:00","og_image":[{"width":1919,"height":1280,"url":"https:\/\/www.kanzlei-koenigstrasse.de\/wp-content\/uploads\/2025\/09\/2024_10_11_Kanzlei_Koenigstr_5597_web_full.jpg","type":"image\/jpeg"}],"twitter_card":"summary_large_image","twitter_misc":{"Est. reading time":"2 minutes"},"schema":{"@context":"https:\/\/schema.org","@graph":[{"@type":"WebPage","@id":"https:\/\/www.kanzlei-koenigstrasse.de\/en\/legal-notice","url":"https:\/\/www.kanzlei-koenigstrasse.de\/en\/legal-notice","name":"Legal notice - Kanzlei K\u00f6nigstra\u00dfe","isPartOf":{"@id":"https:\/\/www.kanzlei-koenigstrasse.de\/en#website"},"datePublished":"2012-02-11T10:36:06+00:00","dateModified":"2023-07-31T09:10:28+00:00","description":"Supplier of this website in accordance with \u00a7 6 TDG Kanzlei K\u00f6nigstra\u00dfe \u2013 Law FirmK\u00f6ster &amp; AssociatesLawyers Specialized lawyers Tax advisersShared","breadcrumb":{"@id":"https:\/\/www.kanzlei-koenigstrasse.de\/en\/legal-notice#breadcrumb"},"inLanguage":"en-US","potentialAction":[{"@type":"ReadAction","target":["https:\/\/www.kanzlei-koenigstrasse.de\/en\/legal-notice"]}]},{"@type":"BreadcrumbList","@id":"https:\/\/www.kanzlei-koenigstrasse.de\/en\/legal-notice#breadcrumb","itemListElement":[{"@type":"ListItem","position":1,"name":"Home","item":"https:\/\/www.kanzlei-koenigstrasse.de\/en"},{"@type":"ListItem","position":2,"name":"Legal notice"}]},{"@type":"WebSite","@id":"https:\/\/www.kanzlei-koenigstrasse.de\/en#website","url":"https:\/\/www.kanzlei-koenigstrasse.de\/en","name":"Kanzlei K\u00f6nigstra\u00dfe","description":"","publisher":{"@id":"https:\/\/www.kanzlei-koenigstrasse.de\/en#organization"},"potentialAction":[{"@type":"SearchAction","target":{"@type":"EntryPoint","urlTemplate":"https:\/\/www.kanzlei-koenigstrasse.de\/en?s={search_term_string}"},"query-input":{"@type":"PropertyValueSpecification","valueRequired":true,"valueName":"search_term_string"}}],"inLanguage":"en-US"},{"@type":"Organization","@id":"https:\/\/www.kanzlei-koenigstrasse.de\/en#organization","name":"Kanzlei K\u00f6nigstrasse","url":"https:\/\/www.kanzlei-koenigstrasse.de\/en","logo":{"@type":"ImageObject","inLanguage":"en-US","@id":"https:\/\/www.kanzlei-koenigstrasse.de\/en#\/schema\/logo\/image\/","url":"https:\/\/www.kanzlei-koenigstrasse.de\/wp-content\/uploads\/2021\/12\/quadrat.png","contentUrl":"https:\/\/www.kanzlei-koenigstrasse.de\/wp-content\/uploads\/2021\/12\/quadrat.png","width":1000,"height":1000,"caption":"Kanzlei K\u00f6nigstrasse"},"image":{"@id":"https:\/\/www.kanzlei-koenigstrasse.de\/en#\/schema\/logo\/image\/"},"sameAs":["https:\/\/www.facebook.com\/Kanzlei.Koenigstrasse","https:\/\/www.youtube.com\/channel\/UCFJ8k4EssTDhAj1rwSg5HQg\/videos","https:\/\/www.instagram.com\/kanzleikoenigstrasse"]}]}},"_links":{"self":[{"href":"https:\/\/www.kanzlei-koenigstrasse.de\/en\/wp-json\/wp\/v2\/pages\/8059","targetHints":{"allow":["GET"]}}],"collection":[{"href":"https:\/\/www.kanzlei-koenigstrasse.de\/en\/wp-json\/wp\/v2\/pages"}],"about":[{"href":"https:\/\/www.kanzlei-koenigstrasse.de\/en\/wp-json\/wp\/v2\/types\/page"}],"author":[{"embeddable":true,"href":"https:\/\/www.kanzlei-koenigstrasse.de\/en\/wp-json\/wp\/v2\/users\/1"}],"replies":[{"embeddable":true,"href":"https:\/\/www.kanzlei-koenigstrasse.de\/en\/wp-json\/wp\/v2\/comments?post=8059"}],"version-history":[{"count":5,"href":"https:\/\/www.kanzlei-koenigstrasse.de\/en\/wp-json\/wp\/v2\/pages\/8059\/revisions"}],"predecessor-version":[{"id":8416,"href":"https:\/\/www.kanzlei-koenigstrasse.de\/en\/wp-json\/wp\/v2\/pages\/8059\/revisions\/8416"}],"wp:attachment":[{"href":"https:\/\/www.kanzlei-koenigstrasse.de\/en\/wp-json\/wp\/v2\/media?parent=8059"}],"curies":[{"name":"wp","href":"https:\/\/api.w.org\/{rel}","templated":true}]}}