{"id":7489,"date":"2022-03-15T17:03:13","date_gmt":"2022-03-15T16:03:13","guid":{"rendered":"https:\/\/www.kanzlei-koenigstrasse.de\/office-management"},"modified":"2026-04-07T14:05:48","modified_gmt":"2026-04-07T12:05:48","slug":"office-management","status":"publish","type":"page","link":"https:\/\/www.kanzlei-koenigstrasse.de\/en\/office-management","title":{"rendered":"Office Management"},"content":{"rendered":"\n<p>Our secretaries work as a strong team with the respective attorneys, tax consultants and auditors. Our paralegals are supported by office assistants. Together, these teams contribute to the great success of the K\u00f6nigstra\u00dfe &#8211; K\u00f6ster &amp; Kollegen law firm. The secret of our perfect office climate lies in this very good and trusting cooperation.<\/p>\n","protected":false},"excerpt":{"rendered":"<p>Our secretaries work as a strong team with the respective attorneys, tax consultants and auditors. Our paralegals are supported by office assistants. Together, these teams contribute to the great success of the K\u00f6nigstra\u00dfe &#8211; K\u00f6ster &amp; Kollegen law firm. The secret of our perfect office climate lies in this very good and trusting cooperation.<\/p>\n","protected":false},"author":1,"featured_media":0,"parent":0,"menu_order":0,"comment_status":"closed","ping_status":"closed","template":"tmpl-nohero.php","meta":{"_acf_changed":false,"footnotes":""},"class_list":["post-7489","page","type-page","status-publish","hentry"],"acf":[],"yoast_head":"<!-- This site is optimized with the Yoast SEO plugin v27.3 - https:\/\/yoast.com\/product\/yoast-seo-wordpress\/ -->\n<title>Office Management - Kanzlei K\u00f6nigstra\u00dfe<\/title>\n<meta name=\"description\" content=\"Our secretaries work as a strong team with the respective attorneys, tax consultants and auditors. Our paralegals are supported by office assistants.\" \/>\n<meta name=\"robots\" content=\"index, follow, max-snippet:-1, max-image-preview:large, max-video-preview:-1\" \/>\n<link rel=\"canonical\" href=\"https:\/\/www.kanzlei-koenigstrasse.de\/en\/office-management\" \/>\n<meta property=\"og:locale\" content=\"en_US\" \/>\n<meta property=\"og:type\" content=\"article\" \/>\n<meta property=\"og:title\" content=\"Office Management - Kanzlei K\u00f6nigstra\u00dfe\" \/>\n<meta property=\"og:description\" content=\"Our secretaries work as a strong team with the respective attorneys, tax consultants and auditors. Our paralegals are supported by office assistants.\" \/>\n<meta property=\"og:url\" content=\"https:\/\/www.kanzlei-koenigstrasse.de\/en\/office-management\" \/>\n<meta property=\"og:site_name\" content=\"Kanzlei K\u00f6nigstra\u00dfe\" \/>\n<meta property=\"article:publisher\" content=\"https:\/\/www.facebook.com\/Kanzlei.Koenigstrasse\" \/>\n<meta property=\"article:modified_time\" content=\"2026-04-07T12:05:48+00:00\" \/>\n<meta property=\"og:image\" content=\"https:\/\/www.kanzlei-koenigstrasse.de\/wp-content\/uploads\/2025\/09\/2024_10_11_Kanzlei_Koenigstr_5597_web_full.jpg\" \/>\n\t<meta property=\"og:image:width\" content=\"1919\" \/>\n\t<meta property=\"og:image:height\" content=\"1280\" \/>\n\t<meta property=\"og:image:type\" content=\"image\/jpeg\" \/>\n<meta name=\"twitter:card\" content=\"summary_large_image\" \/>\n<meta name=\"twitter:label1\" content=\"Est. reading time\" \/>\n\t<meta name=\"twitter:data1\" content=\"1 minute\" \/>\n<!-- \/ Yoast SEO plugin. -->","yoast_head_json":{"title":"Office Management - Kanzlei K\u00f6nigstra\u00dfe","description":"Our secretaries work as a strong team with the respective attorneys, tax consultants and auditors. Our paralegals are supported by office assistants.","robots":{"index":"index","follow":"follow","max-snippet":"max-snippet:-1","max-image-preview":"max-image-preview:large","max-video-preview":"max-video-preview:-1"},"canonical":"https:\/\/www.kanzlei-koenigstrasse.de\/en\/office-management","og_locale":"en_US","og_type":"article","og_title":"Office Management - Kanzlei K\u00f6nigstra\u00dfe","og_description":"Our secretaries work as a strong team with the respective attorneys, tax consultants and auditors. Our paralegals are supported by office assistants.","og_url":"https:\/\/www.kanzlei-koenigstrasse.de\/en\/office-management","og_site_name":"Kanzlei K\u00f6nigstra\u00dfe","article_publisher":"https:\/\/www.facebook.com\/Kanzlei.Koenigstrasse","article_modified_time":"2026-04-07T12:05:48+00:00","og_image":[{"width":1919,"height":1280,"url":"https:\/\/www.kanzlei-koenigstrasse.de\/wp-content\/uploads\/2025\/09\/2024_10_11_Kanzlei_Koenigstr_5597_web_full.jpg","type":"image\/jpeg"}],"twitter_card":"summary_large_image","twitter_misc":{"Est. reading time":"1 minute"},"schema":{"@context":"https:\/\/schema.org","@graph":[{"@type":"WebPage","@id":"https:\/\/www.kanzlei-koenigstrasse.de\/en\/office-management","url":"https:\/\/www.kanzlei-koenigstrasse.de\/en\/office-management","name":"Office Management - Kanzlei K\u00f6nigstra\u00dfe","isPartOf":{"@id":"https:\/\/www.kanzlei-koenigstrasse.de\/en#website"},"datePublished":"2022-03-15T16:03:13+00:00","dateModified":"2026-04-07T12:05:48+00:00","description":"Our secretaries work as a strong team with the respective attorneys, tax consultants and auditors. Our paralegals are supported by office assistants.","breadcrumb":{"@id":"https:\/\/www.kanzlei-koenigstrasse.de\/en\/office-management#breadcrumb"},"inLanguage":"en-US","potentialAction":[{"@type":"ReadAction","target":["https:\/\/www.kanzlei-koenigstrasse.de\/en\/office-management"]}]},{"@type":"BreadcrumbList","@id":"https:\/\/www.kanzlei-koenigstrasse.de\/en\/office-management#breadcrumb","itemListElement":[{"@type":"ListItem","position":1,"name":"Home","item":"https:\/\/www.kanzlei-koenigstrasse.de\/en"},{"@type":"ListItem","position":2,"name":"Office Management"}]},{"@type":"WebSite","@id":"https:\/\/www.kanzlei-koenigstrasse.de\/en#website","url":"https:\/\/www.kanzlei-koenigstrasse.de\/en","name":"Kanzlei K\u00f6nigstra\u00dfe","description":"","publisher":{"@id":"https:\/\/www.kanzlei-koenigstrasse.de\/en#organization"},"potentialAction":[{"@type":"SearchAction","target":{"@type":"EntryPoint","urlTemplate":"https:\/\/www.kanzlei-koenigstrasse.de\/en?s={search_term_string}"},"query-input":{"@type":"PropertyValueSpecification","valueRequired":true,"valueName":"search_term_string"}}],"inLanguage":"en-US"},{"@type":"Organization","@id":"https:\/\/www.kanzlei-koenigstrasse.de\/en#organization","name":"Kanzlei K\u00f6nigstrasse","url":"https:\/\/www.kanzlei-koenigstrasse.de\/en","logo":{"@type":"ImageObject","inLanguage":"en-US","@id":"https:\/\/www.kanzlei-koenigstrasse.de\/en#\/schema\/logo\/image\/","url":"https:\/\/www.kanzlei-koenigstrasse.de\/wp-content\/uploads\/2021\/12\/quadrat.png","contentUrl":"https:\/\/www.kanzlei-koenigstrasse.de\/wp-content\/uploads\/2021\/12\/quadrat.png","width":1000,"height":1000,"caption":"Kanzlei K\u00f6nigstrasse"},"image":{"@id":"https:\/\/www.kanzlei-koenigstrasse.de\/en#\/schema\/logo\/image\/"},"sameAs":["https:\/\/www.facebook.com\/Kanzlei.Koenigstrasse","https:\/\/www.youtube.com\/channel\/UCFJ8k4EssTDhAj1rwSg5HQg\/videos","https:\/\/www.instagram.com\/kanzleikoenigstrasse"]}]}},"_links":{"self":[{"href":"https:\/\/www.kanzlei-koenigstrasse.de\/en\/wp-json\/wp\/v2\/pages\/7489","targetHints":{"allow":["GET"]}}],"collection":[{"href":"https:\/\/www.kanzlei-koenigstrasse.de\/en\/wp-json\/wp\/v2\/pages"}],"about":[{"href":"https:\/\/www.kanzlei-koenigstrasse.de\/en\/wp-json\/wp\/v2\/types\/page"}],"author":[{"embeddable":true,"href":"https:\/\/www.kanzlei-koenigstrasse.de\/en\/wp-json\/wp\/v2\/users\/1"}],"replies":[{"embeddable":true,"href":"https:\/\/www.kanzlei-koenigstrasse.de\/en\/wp-json\/wp\/v2\/comments?post=7489"}],"version-history":[{"count":5,"href":"https:\/\/www.kanzlei-koenigstrasse.de\/en\/wp-json\/wp\/v2\/pages\/7489\/revisions"}],"predecessor-version":[{"id":9015,"href":"https:\/\/www.kanzlei-koenigstrasse.de\/en\/wp-json\/wp\/v2\/pages\/7489\/revisions\/9015"}],"wp:attachment":[{"href":"https:\/\/www.kanzlei-koenigstrasse.de\/en\/wp-json\/wp\/v2\/media?parent=7489"}],"curies":[{"name":"wp","href":"https:\/\/api.w.org\/{rel}","templated":true}]}}