{"id":7483,"date":"2022-03-05T18:54:15","date_gmt":"2022-03-05T17:54:15","guid":{"rendered":"https:\/\/www.kanzlei-koenigstrasse.de\/contact"},"modified":"2025-09-24T13:23:48","modified_gmt":"2025-09-24T11:23:48","slug":"contact","status":"publish","type":"page","link":"https:\/\/www.kanzlei-koenigstrasse.de\/en\/contact","title":{"rendered":"Contact"},"content":{"rendered":"\n<p>The K\u00f6nigstra\u00dfe law firm with its office in Stuttgart is your partner for competent and personal legal advice in all central areas of law.<\/p>\n\n\n\n<p><\/p>\n","protected":false},"excerpt":{"rendered":"<p>The K\u00f6nigstra\u00dfe law firm with its office in Stuttgart is your partner for competent and personal legal advice in all central areas of law.<\/p>\n","protected":false},"author":1,"featured_media":8629,"parent":0,"menu_order":0,"comment_status":"closed","ping_status":"closed","template":"tmpl-kontakt.php","meta":{"_acf_changed":false,"footnotes":""},"class_list":["post-7483","page","type-page","status-publish","has-post-thumbnail","hentry"],"acf":[],"yoast_head":"<!-- This site is optimized with the Yoast SEO plugin v27.3 - https:\/\/yoast.com\/product\/yoast-seo-wordpress\/ -->\n<title>Contact - Kanzlei K\u00f6nigstra\u00dfe<\/title>\n<meta name=\"description\" content=\"The K\u00f6nigstra\u00dfe law firm with its office in Stuttgart is your partner for competent and personal legal advice in all central areas of law.\" \/>\n<meta name=\"robots\" content=\"index, follow, max-snippet:-1, max-image-preview:large, max-video-preview:-1\" \/>\n<link rel=\"canonical\" href=\"https:\/\/www.kanzlei-koenigstrasse.de\/en\/contact\" \/>\n<meta property=\"og:locale\" content=\"en_US\" \/>\n<meta property=\"og:type\" content=\"article\" \/>\n<meta property=\"og:title\" content=\"Contact - Kanzlei K\u00f6nigstra\u00dfe\" \/>\n<meta property=\"og:description\" content=\"The K\u00f6nigstra\u00dfe law firm with its office in Stuttgart is your partner for competent and personal legal advice in all central areas of law.\" \/>\n<meta property=\"og:url\" content=\"https:\/\/www.kanzlei-koenigstrasse.de\/en\/contact\" \/>\n<meta property=\"og:site_name\" content=\"Kanzlei K\u00f6nigstra\u00dfe\" \/>\n<meta property=\"article:publisher\" content=\"https:\/\/www.facebook.com\/Kanzlei.Koenigstrasse\" \/>\n<meta property=\"article:modified_time\" content=\"2025-09-24T11:23:48+00:00\" \/>\n<meta property=\"og:image\" content=\"https:\/\/www.kanzlei-koenigstrasse.de\/wp-content\/uploads\/2024\/05\/kanzlei-koenigstrasse-arbeitgeber.jpg\" \/>\n\t<meta property=\"og:image:width\" content=\"2399\" \/>\n\t<meta property=\"og:image:height\" content=\"1600\" \/>\n\t<meta property=\"og:image:type\" content=\"image\/jpeg\" \/>\n<meta name=\"twitter:card\" content=\"summary_large_image\" \/>\n<meta name=\"twitter:label1\" content=\"Est. reading time\" \/>\n\t<meta name=\"twitter:data1\" content=\"1 minute\" \/>\n<!-- \/ Yoast SEO plugin. -->","yoast_head_json":{"title":"Contact - Kanzlei K\u00f6nigstra\u00dfe","description":"The K\u00f6nigstra\u00dfe law firm with its office in Stuttgart is your partner for competent and personal legal advice in all central areas of law.","robots":{"index":"index","follow":"follow","max-snippet":"max-snippet:-1","max-image-preview":"max-image-preview:large","max-video-preview":"max-video-preview:-1"},"canonical":"https:\/\/www.kanzlei-koenigstrasse.de\/en\/contact","og_locale":"en_US","og_type":"article","og_title":"Contact - Kanzlei K\u00f6nigstra\u00dfe","og_description":"The K\u00f6nigstra\u00dfe law firm with its office in Stuttgart is your partner for competent and personal legal advice in all central areas of law.","og_url":"https:\/\/www.kanzlei-koenigstrasse.de\/en\/contact","og_site_name":"Kanzlei K\u00f6nigstra\u00dfe","article_publisher":"https:\/\/www.facebook.com\/Kanzlei.Koenigstrasse","article_modified_time":"2025-09-24T11:23:48+00:00","og_image":[{"width":2399,"height":1600,"url":"https:\/\/www.kanzlei-koenigstrasse.de\/wp-content\/uploads\/2024\/05\/kanzlei-koenigstrasse-arbeitgeber.jpg","type":"image\/jpeg"}],"twitter_card":"summary_large_image","twitter_misc":{"Est. reading time":"1 minute"},"schema":{"@context":"https:\/\/schema.org","@graph":[{"@type":"WebPage","@id":"https:\/\/www.kanzlei-koenigstrasse.de\/en\/contact","url":"https:\/\/www.kanzlei-koenigstrasse.de\/en\/contact","name":"Contact - Kanzlei K\u00f6nigstra\u00dfe","isPartOf":{"@id":"https:\/\/www.kanzlei-koenigstrasse.de\/en#website"},"primaryImageOfPage":{"@id":"https:\/\/www.kanzlei-koenigstrasse.de\/en\/contact#primaryimage"},"image":{"@id":"https:\/\/www.kanzlei-koenigstrasse.de\/en\/contact#primaryimage"},"thumbnailUrl":"https:\/\/www.kanzlei-koenigstrasse.de\/wp-content\/uploads\/2024\/05\/kanzlei-koenigstrasse-arbeitgeber.jpg","datePublished":"2022-03-05T17:54:15+00:00","dateModified":"2025-09-24T11:23:48+00:00","description":"The K\u00f6nigstra\u00dfe law firm with its office in Stuttgart is your partner for competent and personal legal advice in all central areas of law.","breadcrumb":{"@id":"https:\/\/www.kanzlei-koenigstrasse.de\/en\/contact#breadcrumb"},"inLanguage":"en-US","potentialAction":[{"@type":"ReadAction","target":["https:\/\/www.kanzlei-koenigstrasse.de\/en\/contact"]}]},{"@type":"ImageObject","inLanguage":"en-US","@id":"https:\/\/www.kanzlei-koenigstrasse.de\/en\/contact#primaryimage","url":"https:\/\/www.kanzlei-koenigstrasse.de\/wp-content\/uploads\/2024\/05\/kanzlei-koenigstrasse-arbeitgeber.jpg","contentUrl":"https:\/\/www.kanzlei-koenigstrasse.de\/wp-content\/uploads\/2024\/05\/kanzlei-koenigstrasse-arbeitgeber.jpg","width":2399,"height":1600,"caption":"www.ralfklamann.de"},{"@type":"BreadcrumbList","@id":"https:\/\/www.kanzlei-koenigstrasse.de\/en\/contact#breadcrumb","itemListElement":[{"@type":"ListItem","position":1,"name":"Home","item":"https:\/\/www.kanzlei-koenigstrasse.de\/en"},{"@type":"ListItem","position":2,"name":"Contact"}]},{"@type":"WebSite","@id":"https:\/\/www.kanzlei-koenigstrasse.de\/en#website","url":"https:\/\/www.kanzlei-koenigstrasse.de\/en","name":"Kanzlei K\u00f6nigstra\u00dfe","description":"","publisher":{"@id":"https:\/\/www.kanzlei-koenigstrasse.de\/en#organization"},"potentialAction":[{"@type":"SearchAction","target":{"@type":"EntryPoint","urlTemplate":"https:\/\/www.kanzlei-koenigstrasse.de\/en?s={search_term_string}"},"query-input":{"@type":"PropertyValueSpecification","valueRequired":true,"valueName":"search_term_string"}}],"inLanguage":"en-US"},{"@type":"Organization","@id":"https:\/\/www.kanzlei-koenigstrasse.de\/en#organization","name":"Kanzlei K\u00f6nigstrasse","url":"https:\/\/www.kanzlei-koenigstrasse.de\/en","logo":{"@type":"ImageObject","inLanguage":"en-US","@id":"https:\/\/www.kanzlei-koenigstrasse.de\/en#\/schema\/logo\/image\/","url":"https:\/\/www.kanzlei-koenigstrasse.de\/wp-content\/uploads\/2021\/12\/quadrat.png","contentUrl":"https:\/\/www.kanzlei-koenigstrasse.de\/wp-content\/uploads\/2021\/12\/quadrat.png","width":1000,"height":1000,"caption":"Kanzlei K\u00f6nigstrasse"},"image":{"@id":"https:\/\/www.kanzlei-koenigstrasse.de\/en#\/schema\/logo\/image\/"},"sameAs":["https:\/\/www.facebook.com\/Kanzlei.Koenigstrasse","https:\/\/www.youtube.com\/channel\/UCFJ8k4EssTDhAj1rwSg5HQg\/videos","https:\/\/www.instagram.com\/kanzleikoenigstrasse"]}]}},"_links":{"self":[{"href":"https:\/\/www.kanzlei-koenigstrasse.de\/en\/wp-json\/wp\/v2\/pages\/7483","targetHints":{"allow":["GET"]}}],"collection":[{"href":"https:\/\/www.kanzlei-koenigstrasse.de\/en\/wp-json\/wp\/v2\/pages"}],"about":[{"href":"https:\/\/www.kanzlei-koenigstrasse.de\/en\/wp-json\/wp\/v2\/types\/page"}],"author":[{"embeddable":true,"href":"https:\/\/www.kanzlei-koenigstrasse.de\/en\/wp-json\/wp\/v2\/users\/1"}],"replies":[{"embeddable":true,"href":"https:\/\/www.kanzlei-koenigstrasse.de\/en\/wp-json\/wp\/v2\/comments?post=7483"}],"version-history":[{"count":4,"href":"https:\/\/www.kanzlei-koenigstrasse.de\/en\/wp-json\/wp\/v2\/pages\/7483\/revisions"}],"predecessor-version":[{"id":8896,"href":"https:\/\/www.kanzlei-koenigstrasse.de\/en\/wp-json\/wp\/v2\/pages\/7483\/revisions\/8896"}],"wp:featuredmedia":[{"embeddable":true,"href":"https:\/\/www.kanzlei-koenigstrasse.de\/en\/wp-json\/wp\/v2\/media\/8629"}],"wp:attachment":[{"href":"https:\/\/www.kanzlei-koenigstrasse.de\/en\/wp-json\/wp\/v2\/media?parent=7483"}],"curies":[{"name":"wp","href":"https:\/\/api.w.org\/{rel}","templated":true}]}}