{"id":6953,"date":"2012-01-13T11:17:55","date_gmt":"2012-01-13T10:17:55","guid":{"rendered":"https:\/\/www.kanzlei-koenigstrasse.de\/startseite-englisch\/"},"modified":"2023-07-31T13:23:42","modified_gmt":"2023-07-31T11:23:42","slug":"startseite-englisch","status":"publish","type":"page","link":"https:\/\/www.kanzlei-koenigstrasse.de\/en","title":{"rendered":"Startseite Englisch"},"content":{"rendered":"\n<p>Dieser Text nimmt aich im Englischen keinen Einfluss. <\/p>\n","protected":false},"excerpt":{"rendered":"<p>Dieser Text nimmt aich im Englischen keinen Einfluss.<\/p>\n","protected":false},"author":1,"featured_media":8634,"parent":0,"menu_order":0,"comment_status":"closed","ping_status":"open","template":"tmpl-start.php","meta":{"_acf_changed":false,"footnotes":""},"class_list":["post-6953","page","type-page","status-publish","has-post-thumbnail","hentry"],"acf":[],"yoast_head":"<!-- This site is optimized with the Yoast SEO plugin v27.3 - https:\/\/yoast.com\/product\/yoast-seo-wordpress\/ -->\n<title>K\u00f6nigstra\u00dfe law firm. Lawyer &amp; tax consultant in Stuttgart and Esslingen<\/title>\n<meta name=\"description\" content=\"The K\u00f6nigstra\u00dfe law firm: Lawyer for inheritance law, tenancy law, family law, etc. Legal advice in all key areas of law.\" \/>\n<meta name=\"robots\" content=\"index, follow, max-snippet:-1, max-image-preview:large, max-video-preview:-1\" \/>\n<link rel=\"canonical\" href=\"https:\/\/www.kanzlei-koenigstrasse.de\/en\" \/>\n<meta property=\"og:locale\" content=\"en_US\" \/>\n<meta property=\"og:type\" content=\"article\" \/>\n<meta property=\"og:title\" content=\"K\u00f6nigstra\u00dfe law firm. Lawyer &amp; tax consultant in Stuttgart and Esslingen\" \/>\n<meta property=\"og:description\" content=\"The K\u00f6nigstra\u00dfe law firm: Lawyer for inheritance law, tenancy law, family law, etc. Legal advice in all key areas of law.\" \/>\n<meta property=\"og:url\" content=\"https:\/\/www.kanzlei-koenigstrasse.de\/en\" \/>\n<meta property=\"og:site_name\" content=\"Kanzlei K\u00f6nigstra\u00dfe\" \/>\n<meta property=\"article:publisher\" content=\"https:\/\/www.facebook.com\/Kanzlei.Koenigstrasse\" \/>\n<meta property=\"article:modified_time\" content=\"2023-07-31T11:23:42+00:00\" \/>\n<meta property=\"og:image\" content=\"https:\/\/www.kanzlei-koenigstrasse.de\/wp-content\/uploads\/2022\/03\/hero-home.webp\" \/>\n\t<meta property=\"og:image:width\" content=\"2247\" \/>\n\t<meta property=\"og:image:height\" content=\"841\" \/>\n\t<meta property=\"og:image:type\" content=\"image\/webp\" \/>\n<meta name=\"twitter:card\" content=\"summary_large_image\" \/>\n<meta name=\"twitter:label1\" content=\"Est. reading time\" \/>\n\t<meta name=\"twitter:data1\" content=\"1 minute\" \/>\n<!-- \/ Yoast SEO plugin. -->","yoast_head_json":{"title":"K\u00f6nigstra\u00dfe law firm. Lawyer & tax consultant in Stuttgart and Esslingen","description":"The K\u00f6nigstra\u00dfe law firm: Lawyer for inheritance law, tenancy law, family law, etc. Legal advice in all key areas of law.","robots":{"index":"index","follow":"follow","max-snippet":"max-snippet:-1","max-image-preview":"max-image-preview:large","max-video-preview":"max-video-preview:-1"},"canonical":"https:\/\/www.kanzlei-koenigstrasse.de\/en","og_locale":"en_US","og_type":"article","og_title":"K\u00f6nigstra\u00dfe law firm. Lawyer & tax consultant in Stuttgart and Esslingen","og_description":"The K\u00f6nigstra\u00dfe law firm: Lawyer for inheritance law, tenancy law, family law, etc. Legal advice in all key areas of law.","og_url":"https:\/\/www.kanzlei-koenigstrasse.de\/en","og_site_name":"Kanzlei K\u00f6nigstra\u00dfe","article_publisher":"https:\/\/www.facebook.com\/Kanzlei.Koenigstrasse","article_modified_time":"2023-07-31T11:23:42+00:00","og_image":[{"width":2247,"height":841,"url":"https:\/\/www.kanzlei-koenigstrasse.de\/wp-content\/uploads\/2022\/03\/hero-home.webp","type":"image\/webp"}],"twitter_card":"summary_large_image","twitter_misc":{"Est. reading time":"1 minute"},"schema":{"@context":"https:\/\/schema.org","@graph":[{"@type":"WebPage","@id":"https:\/\/www.kanzlei-koenigstrasse.de\/en","url":"https:\/\/www.kanzlei-koenigstrasse.de\/en","name":"K\u00f6nigstra\u00dfe law firm. Lawyer & tax consultant in Stuttgart and Esslingen","isPartOf":{"@id":"https:\/\/www.kanzlei-koenigstrasse.de\/en#website"},"primaryImageOfPage":{"@id":"https:\/\/www.kanzlei-koenigstrasse.de\/en#primaryimage"},"image":{"@id":"https:\/\/www.kanzlei-koenigstrasse.de\/en#primaryimage"},"thumbnailUrl":"https:\/\/www.kanzlei-koenigstrasse.de\/wp-content\/uploads\/2024\/05\/fallback-hero.webp","datePublished":"2012-01-13T10:17:55+00:00","dateModified":"2023-07-31T11:23:42+00:00","description":"The K\u00f6nigstra\u00dfe law firm: Lawyer for inheritance law, tenancy law, family law, etc. Legal advice in all key areas of law.","breadcrumb":{"@id":"https:\/\/www.kanzlei-koenigstrasse.de\/en#breadcrumb"},"inLanguage":"en-US","potentialAction":[{"@type":"ReadAction","target":["https:\/\/www.kanzlei-koenigstrasse.de\/en"]}]},{"@type":"ImageObject","inLanguage":"en-US","@id":"https:\/\/www.kanzlei-koenigstrasse.de\/en#primaryimage","url":"https:\/\/www.kanzlei-koenigstrasse.de\/wp-content\/uploads\/2024\/05\/fallback-hero.webp","contentUrl":"https:\/\/www.kanzlei-koenigstrasse.de\/wp-content\/uploads\/2024\/05\/fallback-hero.webp","width":2399,"height":1190},{"@type":"BreadcrumbList","@id":"https:\/\/www.kanzlei-koenigstrasse.de\/en#breadcrumb","itemListElement":[{"@type":"ListItem","position":1,"name":"Home","item":"https:\/\/www.kanzlei-koenigstrasse.de\/en"},{"@type":"ListItem","position":2,"name":"Startseite Englisch"}]},{"@type":"WebSite","@id":"https:\/\/www.kanzlei-koenigstrasse.de\/en#website","url":"https:\/\/www.kanzlei-koenigstrasse.de\/en","name":"Kanzlei K\u00f6nigstra\u00dfe","description":"","publisher":{"@id":"https:\/\/www.kanzlei-koenigstrasse.de\/en#organization"},"potentialAction":[{"@type":"SearchAction","target":{"@type":"EntryPoint","urlTemplate":"https:\/\/www.kanzlei-koenigstrasse.de\/en?s={search_term_string}"},"query-input":{"@type":"PropertyValueSpecification","valueRequired":true,"valueName":"search_term_string"}}],"inLanguage":"en-US"},{"@type":"Organization","@id":"https:\/\/www.kanzlei-koenigstrasse.de\/en#organization","name":"Kanzlei K\u00f6nigstrasse","url":"https:\/\/www.kanzlei-koenigstrasse.de\/en","logo":{"@type":"ImageObject","inLanguage":"en-US","@id":"https:\/\/www.kanzlei-koenigstrasse.de\/en#\/schema\/logo\/image\/","url":"https:\/\/www.kanzlei-koenigstrasse.de\/wp-content\/uploads\/2021\/12\/quadrat.png","contentUrl":"https:\/\/www.kanzlei-koenigstrasse.de\/wp-content\/uploads\/2021\/12\/quadrat.png","width":1000,"height":1000,"caption":"Kanzlei K\u00f6nigstrasse"},"image":{"@id":"https:\/\/www.kanzlei-koenigstrasse.de\/en#\/schema\/logo\/image\/"},"sameAs":["https:\/\/www.facebook.com\/Kanzlei.Koenigstrasse","https:\/\/www.youtube.com\/channel\/UCFJ8k4EssTDhAj1rwSg5HQg\/videos","https:\/\/www.instagram.com\/kanzleikoenigstrasse"]}]}},"_links":{"self":[{"href":"https:\/\/www.kanzlei-koenigstrasse.de\/en\/wp-json\/wp\/v2\/pages\/6953","targetHints":{"allow":["GET"]}}],"collection":[{"href":"https:\/\/www.kanzlei-koenigstrasse.de\/en\/wp-json\/wp\/v2\/pages"}],"about":[{"href":"https:\/\/www.kanzlei-koenigstrasse.de\/en\/wp-json\/wp\/v2\/types\/page"}],"author":[{"embeddable":true,"href":"https:\/\/www.kanzlei-koenigstrasse.de\/en\/wp-json\/wp\/v2\/users\/1"}],"replies":[{"embeddable":true,"href":"https:\/\/www.kanzlei-koenigstrasse.de\/en\/wp-json\/wp\/v2\/comments?post=6953"}],"version-history":[{"count":3,"href":"https:\/\/www.kanzlei-koenigstrasse.de\/en\/wp-json\/wp\/v2\/pages\/6953\/revisions"}],"predecessor-version":[{"id":8480,"href":"https:\/\/www.kanzlei-koenigstrasse.de\/en\/wp-json\/wp\/v2\/pages\/6953\/revisions\/8480"}],"wp:featuredmedia":[{"embeddable":true,"href":"https:\/\/www.kanzlei-koenigstrasse.de\/en\/wp-json\/wp\/v2\/media\/8634"}],"wp:attachment":[{"href":"https:\/\/www.kanzlei-koenigstrasse.de\/en\/wp-json\/wp\/v2\/media?parent=6953"}],"curies":[{"name":"wp","href":"https:\/\/api.w.org\/{rel}","templated":true}]}}